{"id":444,"date":"2024-03-27T11:35:02","date_gmt":"2024-03-27T14:35:02","guid":{"rendered":"http:\/\/retinaclin.med.br\/?page_id=444"},"modified":"2024-03-27T11:46:08","modified_gmt":"2024-03-27T14:46:08","slug":"politica-de-segura","status":"publish","type":"page","link":"https:\/\/retinaclin.med.br\/?page_id=444","title":{"rendered":"Politica de Segura"},"content":{"rendered":"<style>.elementor-444 .elementor-element.elementor-element-758180b1:not(.elementor-motion-effects-element-type-background), .elementor-444 .elementor-element.elementor-element-758180b1 > .elementor-motion-effects-container > .elementor-motion-effects-layer{background-color:#F5F9F9;background-image:url(\"https:\/\/retinaclin.med.br\/wp-content\/uploads\/2024\/03\/yy-scaled.jpg\");background-position:center center;background-size:cover;}.elementor-444 .elementor-element.elementor-element-758180b1 > .elementor-container{min-height:400px;}.elementor-444 .elementor-element.elementor-element-758180b1 > .elementor-background-overlay{opacity:0.37;transition:background 0.3s, border-radius 0.3s, opacity 0.3s;}.elementor-444 .elementor-element.elementor-element-758180b1{transition:background 0.3s, border 0.3s, border-radius 0.3s, box-shadow 0.3s;margin-top:0px;margin-bottom:0px;padding:96px 0px 0px 0px;}.elementor-bc-flex-widget .elementor-444 .elementor-element.elementor-element-1741bd1f.elementor-column .elementor-widget-wrap{align-items:center;}.elementor-444 .elementor-element.elementor-element-1741bd1f.elementor-column.elementor-element[data-element_type=\"column\"] > .elementor-widget-wrap.elementor-element-populated{align-content:center;align-items:center;}.elementor-444 .elementor-element.elementor-element-1741bd1f > .elementor-element-populated{padding:30px 90px 30px 30px;}.elementor-444 .elementor-element.elementor-element-1741bd1f{z-index:0;}.elementor-444 .elementor-element.elementor-element-702ad00c{--iteration-count:infinite;--animation-duration:1200ms;--dynamic-text-color:#000000;}.elementor-444 .elementor-element.elementor-element-702ad00c .elementor-headline{text-align:left;font-family:\"Poppins\", Sans-serif;font-size:69px;font-weight:700;}.elementor-444 .elementor-element.elementor-element-702ad00c .elementor-headline-dynamic-wrapper path{stroke:#010102;stroke-width:9px;}.elementor-444 .elementor-element.elementor-element-702ad00c .elementor-headline-plain-text{color:#FFFFFF;}.elementor-444 .elementor-element.elementor-element-736d4662{--display:flex;--flex-direction:column;--container-widget-width:100%;--container-widget-height:initial;--container-widget-flex-grow:0;--container-widget-align-self:initial;--flex-wrap-mobile:wrap;}.elementor-444 .elementor-element.elementor-element-491883e8{--display:flex;--gap:0px 0px;--row-gap:0px;--column-gap:0px;--border-radius:24px 24px 24px 24px;--padding-top:24px;--padding-bottom:040px;--padding-left:24px;--padding-right:24px;}.elementor-444 .elementor-element.elementor-element-64ba22ca{--display:flex;--flex-direction:row;--container-widget-width:initial;--container-widget-height:100%;--container-widget-flex-grow:1;--container-widget-align-self:stretch;--flex-wrap-mobile:wrap;--padding-top:0px;--padding-bottom:0px;--padding-left:0px;--padding-right:0px;}.elementor-444 .elementor-element.elementor-element-2cd673bb{--display:flex;}.elementor-444 .elementor-element.elementor-element-2cd673bb.e-con{--flex-grow:0;--flex-shrink:0;}.elementor-444 .elementor-element.elementor-element-4e5af626 .elementor-heading-title{font-family:var( --e-global-typography-secondary-font-family ), Sans-serif;font-weight:var( --e-global-typography-secondary-font-weight );color:var( --e-global-color-secondary );}.elementor-444 .elementor-element.elementor-element-77d0eeb3{font-family:var( --e-global-typography-text-font-family ), Sans-serif;font-weight:var( --e-global-typography-text-font-weight );}@media(min-width:768px){.elementor-444 .elementor-element.elementor-element-736d4662{--content-width:1430px;}.elementor-444 .elementor-element.elementor-element-491883e8{--content-width:1305px;}.elementor-444 .elementor-element.elementor-element-64ba22ca{--content-width:1305px;}.elementor-444 .elementor-element.elementor-element-2cd673bb{--width:98.303%;}}@media(max-width:1024px){.elementor-444 .elementor-element.elementor-element-758180b1 > .elementor-container{min-height:400px;}.elementor-444 .elementor-element.elementor-element-758180b1{padding:160px 0px 0px 0px;}}@media(max-width:767px){.elementor-444 .elementor-element.elementor-element-758180b1 > .elementor-container{min-height:400px;}.elementor-444 .elementor-element.elementor-element-758180b1{padding:0px 0px 0px 0px;}.elementor-444 .elementor-element.elementor-element-1741bd1f > .elementor-element-populated{margin:0% 0% 0% 0%;--e-column-margin-right:0%;--e-column-margin-left:0%;}.elementor-444 .elementor-element.elementor-element-491883e8{--padding-top:10px;--padding-bottom:10px;--padding-left:10px;--padding-right:10px;}.elementor-444 .elementor-element.elementor-element-4e5af626{text-align:center;}.elementor-444 .elementor-element.elementor-element-1b933d2b{text-align:center;}.elementor-444 .elementor-element.elementor-element-77d0eeb3{text-align:center;}}<\/style>\t\t<div data-elementor-type=\"wp-page\" data-elementor-id=\"444\" class=\"elementor elementor-444\" data-elementor-post-type=\"page\">\n\t\t\t\t\t\t<section class=\"elementor-section elementor-top-section elementor-element elementor-element-758180b1 elementor-section-height-min-height elementor-section-full_width elementor-reverse-mobile elementor-section-height-default elementor-section-items-middle\" data-id=\"758180b1\" data-element_type=\"section\" data-settings=\"{&quot;background_background&quot;:&quot;classic&quot;,&quot;mdp_selection_sticky_effect_enable&quot;:false}\">\n\t\t\t\t\t\t\t<div class=\"elementor-background-overlay\"><\/div>\n\t\t\t\t\t\t\t<div class=\"elementor-container elementor-column-gap-wider\">\n\t\t\t\t\t<div class=\"elementor-column elementor-col-100 elementor-top-column elementor-element elementor-element-1741bd1f\" data-id=\"1741bd1f\" data-element_type=\"column\" data-settings=\"{&quot;mdp_selection_sticky_column_effect_enable&quot;:false}\">\n\t\t\t<div class=\"elementor-widget-wrap elementor-element-populated\">\n\t\t\t\t\t\t<div class=\"elementor-element elementor-element-702ad00c elementor-headline--style-highlight elementor-widget elementor-widget-animated-headline\" data-id=\"702ad00c\" data-element_type=\"widget\" data-settings=\"{&quot;highlighted_text&quot;:&quot; privacidade&quot;,&quot;headline_style&quot;:&quot;highlight&quot;,&quot;marker&quot;:&quot;circle&quot;,&quot;loop&quot;:&quot;yes&quot;,&quot;highlight_animation_duration&quot;:1200,&quot;highlight_iteration_delay&quot;:8000}\" data-widget_type=\"animated-headline.default\">\n\t\t\t\t<div class=\"elementor-widget-container\">\n\t\t\t\t\t\t\t<h1 class=\"elementor-headline\">\n\t\t\t\t\t<span class=\"elementor-headline-plain-text elementor-headline-text-wrapper\">Pol\u00edtica de<\/span>\n\t\t\t\t<span class=\"elementor-headline-dynamic-wrapper elementor-headline-text-wrapper\">\n\t\t\t\t\t<span class=\"elementor-headline-dynamic-text elementor-headline-text-active\"> privacidade<\/span>\n\t\t\t\t<\/span>\n\t\t\t\t<\/h1>\n\t\t\t\t\t\t<\/div>\n\t\t\t\t<\/div>\n\t\t\t\t\t<\/div>\n\t\t<\/div>\n\t\t\t\t\t<\/div>\n\t\t<\/section>\n\t\t<div class=\"elementor-element elementor-element-736d4662 e-flex e-con-boxed e-con e-parent\" data-id=\"736d4662\" data-element_type=\"container\">\n\t\t\t\t\t<div class=\"e-con-inner\">\n\t\t<div class=\"elementor-element elementor-element-491883e8 e-flex e-con-boxed e-con e-child\" data-id=\"491883e8\" data-element_type=\"container\" data-settings=\"{&quot;background_background&quot;:&quot;classic&quot;}\">\n\t\t\t\t\t<div class=\"e-con-inner\">\n\t\t<div class=\"elementor-element elementor-element-64ba22ca e-flex e-con-boxed e-con e-child\" data-id=\"64ba22ca\" data-element_type=\"container\">\n\t\t\t\t\t<div class=\"e-con-inner\">\n\t\t<div class=\"elementor-element elementor-element-2cd673bb e-con-full e-flex elementor-invisible e-con e-child\" data-id=\"2cd673bb\" data-element_type=\"container\" data-settings=\"{&quot;animation&quot;:&quot;fadeInLeft&quot;}\">\n\t\t\t\t<div class=\"elementor-element elementor-element-1b933d2b elementor-widget elementor-widget-heading\" data-id=\"1b933d2b\" data-element_type=\"widget\" data-widget_type=\"heading.default\">\n\t\t\t\t<div class=\"elementor-widget-container\">\n\t\t\t\t\t<h2 class=\"elementor-heading-title elementor-size-default\">Pol\u00edtica de privacidade\n<\/h2>\t\t\t\t<\/div>\n\t\t\t\t<\/div>\n\t\t\t\t<div class=\"elementor-element elementor-element-77d0eeb3 elementor-widget elementor-widget-text-editor\" data-id=\"77d0eeb3\" data-element_type=\"widget\" data-widget_type=\"text-editor.default\">\n\t\t\t\t<div class=\"elementor-widget-container\">\n\t\t\t\t\t\t\t\t\t<p><em>Vers\u00e3o 1.0 atualizada em\u00a030\/03\/2023<\/em><br \/><em>1. Introdu\u00e7\u00e3o<\/em><br \/><em>A Retinaclin tem como valor a transpar\u00eancia no relacionamento com seus clientes sa\u00fade. Por isso, informamos que coletamos dados pessoais dos visitantes deste site para tornar a experi\u00eancia do usu\u00e1rio mais produtiva e agrad\u00e1vel.<\/em><br \/><em>Garantimos que todos os dados s\u00e3o coletados e tratados em concord\u00e2ncia com a Lei Geral de Prote\u00e7\u00e3o de Dados Pessoais, de 14 de agosto de 2018 (Lei N.\u00ba 13.709\/18).<\/em><br \/><em>Nesta pol\u00edtica de privacidade, explicamos como coletamos e protegemos essas informa\u00e7\u00f5es, bem como quais s\u00e3o os direitos do usu\u00e1rio sobre seus dados coletados ou informados.<\/em><br \/><em>Se a sua d\u00favida n\u00e3o for esclarecida nesta pol\u00edtica, entre em contato conosco pelo seguinte e-mail:\u00a0atendimento@agenciarizzo.com.br.<\/em><br \/><em>2. Dados pessoais<\/em><br \/><em>S\u00e3o considerados dados pessoais todas as informa\u00e7\u00f5es que permitem identificar o visitante, como nome, data de nascimento, e-mail, n\u00famero de telefone, n\u00famero de celular, localiza\u00e7\u00e3o etc. Esses dados podem ser coletados quando voc\u00ea navega neste site ou preenche os formul\u00e1rios contidos aqui.<\/em><br \/><em>N\u00f3s coletamos os dados para aprimorar nossos servi\u00e7os e estabelecer uma comunica\u00e7\u00e3o com o usu\u00e1rio. Caso voc\u00ea opte por n\u00e3o fornec\u00ea-los, poder\u00e1 ocorrer uma limita\u00e7\u00e3o no acesso do site.<\/em><br \/><em>2.1. Informa\u00e7\u00f5es que coletamos automaticamente<\/em><br \/><em>Quando voc\u00ea acessa nosso site, recebemos automaticamente dados t\u00e9cnicos que nos ajudem a aprender sobre seu navegador e sistema operacional. S\u00e3o eles: endere\u00e7o IP (Internet Protocol), tipo e vers\u00e3o do navegador e sistema operacional utilizado para acesso.<\/em><br \/><em>2.2. Informa\u00e7\u00f5es que o usu\u00e1rio nos fornece<\/em><br \/><em>Quando voc\u00ea preenche algum formul\u00e1rio deste site, coletamos os dados informados como nome, e-mail e telefone. O envio de e-mails marketing ser\u00e1 realizado apenas caso o usu\u00e1rio permita.<\/em><br \/><em>3. Consentimento<\/em><br \/><em>Obtemos seu consentimento quando voc\u00ea aceita nossa pol\u00edtica de privacidade ao acessar o site ou preencher algum formul\u00e1rio. Ap\u00f3s a realiza\u00e7\u00e3o da a\u00e7\u00e3o, entendemos que voc\u00ea est\u00e1 de acordo com a coleta de dados da nossa empresa.<\/em><br \/><em>No entanto, o titular dos dados tem o direito de, a qualquer momento, acessar, corrigir, solicitar exclus\u00e3o, solicitar portabilidade, solicitar informa\u00e7\u00f5es de compartilhamento e revogar o consentimento sobre as informa\u00e7\u00f5es coletadas.<\/em><br \/><em>Para isso, voc\u00ea pode entrar em contato conosco pelo e-mail\u00a0atendimento@agenciarizzo.com.br\u00a0ou enviando-nos uma correspond\u00eancia para Ed. Dr. Crispim \u2013 SMHN Quadra 02 \u2013 Bloco C \u2013 Sala 1.109, Bras\u00edlia \u2013 DF.<\/em><br \/><em>4. Seguran\u00e7a<\/em><br \/><em>Para proteger suas informa\u00e7\u00f5es pessoais, tomamos precau\u00e7\u00f5es e seguimos as melhores pr\u00e1ticas da \u00e1rea para nos certificar de que os dados n\u00e3o ser\u00e3o perdidos, usurpados, acessados, divulgados, alterados nem destru\u00eddos inadequadamente.<\/em><br \/><em>Em nenhuma hip\u00f3tese vendemos os dados que voc\u00ea nos fornece. Quando necess\u00e1rio, seus dados ser\u00e3o compartilhados com empresas que prestam servi\u00e7os para n\u00f3s, como ag\u00eancias de marketing. Mas podemos divulgar suas informa\u00e7\u00f5es pessoais caso sejamos obrigados por lei.<\/em><br \/><em>Os dados s\u00e3o mantidos enquanto forem \u00fateis para cumprir o prop\u00f3sito para o qual foram coletados. Eles estar\u00e3o em ambiente seguro e controlado e podem ser acessados somente por profissionais autorizados. Abaixo, confira os dados do controlador, a quem compete as decis\u00f5es sobre o tratamento das informa\u00e7\u00f5es:<\/em><br \/><em>Nome:\u00a0Retinaclin<\/em><br \/><em>Endere\u00e7o:\u00a0Ed. Dr. Crispim \u2013 SMHN Quadra 02 \u2013 Bloco C \u2013 Sala 1.109, Bras\u00edlia \u2013 DF<\/em><\/p><p><em>5. Links de terceiros<\/em><br \/><em>Quando voc\u00ea clica em links, plugins e aplicativos em nosso site, est\u00e1 exposto a pol\u00edticas de privacidade de terceiros, \u00e0s quais n\u00e3o possu\u00edmos controle. Por isso, n\u00f3s o incentivamos a ler as declara\u00e7\u00f5es de privacidade deles.<\/em><br \/><em>6. Altera\u00e7\u00f5es na pol\u00edtica de privacidade<\/em><br \/><em>Reservamos o direito de modificar esta pol\u00edtica de privacidade a qualquer momento. Dessa forma, pedimos que a revise com frequ\u00eancia. Caso autorize, podemos avis\u00e1-lo por e-mail sobre as altera\u00e7\u00f5es realizadas.<\/em><br \/><em>A data de atualiza\u00e7\u00e3o se encontrar\u00e1 sempre no cabe\u00e7alho desta pol\u00edtica. As vers\u00f5es anteriores podem ser acessadas no mesmo local ou solicitadas pelo e-mail\u00a0atendimento@agenciarizzo.com.br.<\/em><\/p><p>\u00a0<\/p><p><em>Pol\u00edtica de cookies<\/em><br \/><em>Vers\u00e3o 1.0 atualizada em\u00a030\/03\/2023.\u00a0<\/em><br \/><em>1. Cookies<\/em><br \/><em>Os cookies s\u00e3o as informa\u00e7\u00f5es geradas enquanto se acessa um site. Quando voc\u00ea os autoriza, recebemos os dados armazenados no seu navegador durante a visita para melhorar sua experi\u00eancia. H\u00e1 diferentes tipos de cookies, confira abaixo alguns deles:<\/em><br \/><em>\u2981 Cookies necess\u00e1rios: s\u00e3o necess\u00e1rios para permitir determinadas funcionalidades do site;<\/em><br \/><em>\u2981 Cookies anal\u00edticos: possibilitam a coleta e an\u00e1lise de dados estat\u00edsticos para melhorar o desempenho e funcionamento do site; permitem verificar quais p\u00e1ginas voc\u00ea acessou e por quantas vezes, por exemplo;<\/em><br \/><em>\u2981 Cookies de funcionalidade: guardam as prefer\u00eancias da sua utiliza\u00e7\u00e3o em nosso site, fazendo com que voc\u00ea n\u00e3o precise selecion\u00e1-las novamente;<\/em><br \/><em>\u2981 Cookies de publicidade: destinados a coletar informa\u00e7\u00f5es para personalizar os an\u00fancios que voc\u00ea recebe.<\/em><br \/><em>Para melhorar a experi\u00eancia dos nossos usu\u00e1rios, analisamos os dados de acesso ao site com o suporte de cookies de terceiros.<\/em><br \/><em>\u2981 Google Analytics: uma das solu\u00e7\u00f5es de an\u00e1lise mais utilizadas. Eles monitoram quais s\u00e3o as p\u00e1ginas mais visitadas, permitindo-nos tornar nossos conte\u00fados mais atrativos.<\/em><br \/><em>\u2981 Plugins de m\u00eddia social: permitem que voc\u00ea se conecte com suas redes sociais.\u00a0<\/em><br \/><em>2. Como controlar o uso de cookies<\/em><br \/><em>Infelizmente, algumas funcionalidades podem n\u00e3o operar corretamente caso voc\u00ea opte por n\u00e3o autorizar a coleta de cookies em nosso site. Mas voc\u00ea pode bloque\u00e1-los ou ser avisado quando um cookie for enviado para o seu dispositivo. Para fazer isso, voc\u00ea pode consultar o item \u201cAjuda\u201d do menu do seu navegador.<\/em><br \/><em>Se voc\u00ea ainda tem d\u00favidas sobre como utilizaremos as informa\u00e7\u00f5es fornecidas pelo seu acesso, leia a nossa\u00a0pol\u00edtica de privacidade\u00a0ou entre em contato pelo e-mail\u00a0atendimento@agenciarizzo.com.br.<\/em><\/p><p>\u00a0<\/p><p><em>Termos de uso<\/em><br \/><em>Vers\u00e3o 1.0 atualizada em\u00a030\/03\/2023\u00a0<\/em><br \/><em>1. Contrato<\/em><br \/><em>Ao acessar qualquer conte\u00fado deste site ou usar qualquer um dos nossos servi\u00e7os, voc\u00ea estar\u00e1 celebrando um contrato vinculativo com a seguinte pessoa jur\u00eddica:\u00a0<\/em><br \/><em>Nome:\u00a0Retinaclin<\/em><br \/><em>Endere\u00e7o:\u00a0Ed. Dr. Crispim \u2013 SMHN Quadra 02 \u2013 Bloco C \u2013 Sala 1.109, Bras\u00edlia \u2013 DF<\/em><br \/><em>2. Uso<\/em><br \/><em>As informa\u00e7\u00f5es contidas neste site t\u00eam car\u00e1ter meramente informativo e educacional e n\u00e3o devem ser utilizadas para autodiagn\u00f3stico ou automedica\u00e7\u00e3o. Em caso de d\u00favidas, consulte seu m\u00e9dico, porque somente ele est\u00e1 habilitado a realizar a formula\u00e7\u00e3o do diagn\u00f3stico nosol\u00f3gico e a respectiva prescri\u00e7\u00e3o terap\u00eautica.<\/em><br \/><em>Durante a visita, o usu\u00e1rio poder\u00e1 ser requisitado a fornecer informa\u00e7\u00f5es em formul\u00e1rios ou por meio de cookies. Ao concordar, voc\u00ea garante que as informa\u00e7\u00f5es prestadas ser\u00e3o verdadeiras, atuais e completas e nos autoriza a utilizar os dados coletados segundo a Lei Geral de Prote\u00e7\u00e3o de Dados Pessoais, de 14 de agosto de 2018 (Lei N.\u00ba 13.709\/18).<\/em><br \/><em>3. Responsabilidades<\/em><br \/><em>A Retinaclin far\u00e1 o poss\u00edvel para assegurar que as informa\u00e7\u00f5es deste site estejam atualizadas, precisas e completas. Entretanto, em nenhuma circunst\u00e2ncia n\u00f3s poderemos ser responsabilizados por fatos eivados de dolo quanto \u00e0 integridade, atualidade e exatid\u00e3o de tais informa\u00e7\u00f5es.<\/em><br \/><em>N\u00f3s n\u00e3o podemos garantir que o acesso ao site seja livre de erros ou problemas decorrentes de casos fortuitos, internos ou externos, casos de for\u00e7a maior ou por outros casos n\u00e3o inteiramente sujeitos ao nosso controle direto. Em tais hip\u00f3teses, voc\u00ea declara e se obriga a isentar a Retinaclin de quaisquer reclama\u00e7\u00f5es referentes a interrup\u00e7\u00f5es, intercepta\u00e7\u00f5es, invas\u00f5es, dissemina\u00e7\u00e3o de v\u00edrus e outros atos il\u00edcitos.<\/em><br \/><em>Eventualmente, a Retinaclin poder\u00e1 disponibilizar links de acesso para outros sites. N\u00f3s n\u00e3o teremos qualquer responsabilidade pelos servi\u00e7os ou funcionalidades de terceiros. Voc\u00ea concorda, ainda, que n\u00e3o \u00e9 dever da Retinaclin fiscalizar o conte\u00fado de tais outros sites. O site tamb\u00e9m poder\u00e1 conter not\u00edcias escritas por terceiros. Nesses casos, n\u00f3s n\u00e3o nos responsabilizamos pela exatid\u00e3o e autoria desses materiais.<\/em><br \/><em>\u200b4.\u00a0Propriedades<\/em><br \/><em>Voc\u00ea concorda que todos os textos, imagens, v\u00eddeos, informa\u00e7\u00f5es, \u00edcones, softwares, \u00e1udios, logotipos, designs, c\u00f3digos de computador e outros conte\u00fados contidos neste site s\u00e3o de nossa propriedade exclusiva e est\u00e3o protegidos pelas leis de direitos autorais, marcas e outras.\u00a0<\/em><br \/><em>Voc\u00ea n\u00e3o dever\u00e1 reproduzir, modificar, compilar, descompilar, transmitir, publicar, sublicenciar, alugar, vender ou distribuir, no todo ou em parte, qualquer conte\u00fado deste site sem nossa pr\u00e9via autoriza\u00e7\u00e3o por escrito.<\/em><br \/><em>\u200bVoc\u00ea garante que n\u00e3o registrar\u00e1 nomes de dom\u00ednio na internet, perante quaisquer entidades, contendo marcas e nomes da Retinaclin. Voc\u00ea se compromete a respeitar a nossa marca, n\u00e3o devendo utiliz\u00e1-la sem pr\u00e9via autoriza\u00e7\u00e3o por escrito da empresa nem praticar atos que possam denegri-la.<\/em><br \/><em>5. Altera\u00e7\u00f5es na pol\u00edtica de privacidade<\/em><br \/><em>Reservamos o direito de modificar estes termos para melhorar nosso servi\u00e7o, acrescentar novas solu\u00e7\u00f5es e realizar ajustes t\u00e9cnicos. Dessa forma, pedimos que os revise com frequ\u00eancia. Caso autorize, podemos avis\u00e1-lo por e-mail sobre as altera\u00e7\u00f5es realizadas.<\/em><br \/><em>A data de atualiza\u00e7\u00e3o se encontrar\u00e1 sempre no cabe\u00e7alho desta p\u00e1gina, e as vers\u00f5es anteriores podem ser acessadas no mesmo local ou solicitadas pelo e-mail\u00a0atendimento@agenciarizzo.com.br.\u00a0<\/em><br \/><em>\u200b6.\u00a0Legisla\u00e7\u00e3o e jurisdi\u00e7\u00e3o<\/em><br \/><em>Este termo de uso ser\u00e1 regido pelas leis brasileiras e suas controv\u00e9rsias dever\u00e3o ser solucionadas entre o usu\u00e1rio e a Retinaclin no Foro de Bras\u00edlia, com expressa ren\u00fancia a qualquer outro, por mais privilegiado que seja.<\/em><br \/><em>Ao navegar neste site, o usu\u00e1rio ter\u00e1 aceito explicitamente todos os termos de uso aqui estabelecidos. Se voc\u00ea n\u00e3o concordar com estas condi\u00e7\u00f5es, pedimos, por gentileza, que interrompa seu acesso.<\/em><\/p>\t\t\t\t\t\t\t\t<\/div>\n\t\t\t\t<\/div>\n\t\t\t\t<\/div>\n\t\t\t\t\t<\/div>\n\t\t\t\t<\/div>\n\t\t\t\t\t<\/div>\n\t\t\t\t<\/div>\n\t\t\t\t\t<\/div>\n\t\t\t\t<\/div>\n\t\t\t\t<\/div>\n\t\t","protected":false},"excerpt":{"rendered":"<p>Pol\u00edtica de privacidade Pol\u00edtica de privacidade Vers\u00e3o 1.0 atualizada em\u00a030\/03\/20231. Introdu\u00e7\u00e3oA Retinaclin tem como valor a transpar\u00eancia no relacionamento com seus clientes sa\u00fade. Por isso, informamos que coletamos dados pessoais dos visitantes deste site para tornar a experi\u00eancia do usu\u00e1rio mais produtiva e agrad\u00e1vel.Garantimos que todos os dados s\u00e3o coletados e tratados em concord\u00e2ncia com [&hellip;]<\/p>\n","protected":false},"author":1,"featured_media":0,"parent":0,"menu_order":0,"comment_status":"closed","ping_status":"closed","template":"elementor_canvas","meta":{"footnotes":""},"_links":{"self":[{"href":"https:\/\/retinaclin.med.br\/index.php?rest_route=\/wp\/v2\/pages\/444"}],"collection":[{"href":"https:\/\/retinaclin.med.br\/index.php?rest_route=\/wp\/v2\/pages"}],"about":[{"href":"https:\/\/retinaclin.med.br\/index.php?rest_route=\/wp\/v2\/types\/page"}],"author":[{"embeddable":true,"href":"https:\/\/retinaclin.med.br\/index.php?rest_route=\/wp\/v2\/users\/1"}],"replies":[{"embeddable":true,"href":"https:\/\/retinaclin.med.br\/index.php?rest_route=%2Fwp%2Fv2%2Fcomments&post=444"}],"version-history":[{"count":13,"href":"https:\/\/retinaclin.med.br\/index.php?rest_route=\/wp\/v2\/pages\/444\/revisions"}],"predecessor-version":[{"id":480,"href":"https:\/\/retinaclin.med.br\/index.php?rest_route=\/wp\/v2\/pages\/444\/revisions\/480"}],"wp:attachment":[{"href":"https:\/\/retinaclin.med.br\/index.php?rest_route=%2Fwp%2Fv2%2Fmedia&parent=444"}],"curies":[{"name":"wp","href":"https:\/\/api.w.org\/{rel}","templated":true}]}}